{"id":2305,"date":"2026-03-24T17:05:21","date_gmt":"2026-03-24T20:05:21","guid":{"rendered":"https:\/\/lovenutri.com.br\/?page_id=2305"},"modified":"2026-03-24T22:35:10","modified_gmt":"2026-03-25T01:35:10","slug":"lovari-tech-conhecca-nossas-solucoes","status":"publish","type":"page","link":"https:\/\/lovenutri.com.br\/?page_id=2305","title":{"rendered":"Lovari Tech &#8211; Conhe\u00e7ca nossas solu\u00e7\u00f5es"},"content":{"rendered":"\n\n\t<section class=\"section dark has-parallax\" id=\"section_144280754\">\n\t\t<div class=\"section-bg fill\" data-parallax-container=\".section\" data-parallax-background data-parallax=\"-10\">\n\t\t\t<img loading=\"lazy\" decoding=\"async\" width=\"2560\" height=\"1920\" src=\"https:\/\/lovenutri.com.br\/wp-content\/uploads\/2026\/03\/3d-render-abstract-background-with-digital-particle-design-scaled.jpg\" class=\"bg attachment- size-\" alt=\"\" \/>\t\t\t\t<div class=\"video-overlay no-click fill visible\"><\/div>\n\t<video class=\"video-bg fill visible\" preload playsinline autoplay muted loop>\n\t\t<source src=\"https:\/\/lovenutri.com.br\/wp-content\/uploads\/2026\/03\/15439975-uhd_3840_2160_30fps.mp4\" type=\"video\/mp4\">\t<\/video>\n\t\t\t<div class=\"section-bg-overlay absolute fill\"><\/div>\n\t\t\t\n\n\t\t<\/div>\n\n\t\t\n\t<div class=\"ux-shape-divider ux-shape-divider--bottom ux-shape-divider--style-curve-opacity\">\n\t\t<svg viewBox=\"0 0 1000 100\" xmlns=\"http:\/\/www.w3.org\/2000\/svg\" preserveAspectRatio=\"none\">\n\t\t<path class=\"ux-shape-fill\" opacity=\"0.15\" d=\"M0 14C0 14 88.64 17.48 300 50C560 90 814 77 1003 40L1015 68L1018 104H0V14Z\"\/>\n\t\t<path class=\"ux-shape-fill\" opacity=\"0.3\" d=\"M0 45C0 45 271 90.13 500 77C657 68 830 30 1015 14V100H0V45Z\"\/>\n\t\t<path class=\"ux-shape-fill\" d=\"M0 58C0 58 188.29 90 508 90C798 90 1002 55 1002 55V100H0V58Z\"\/>\n<\/svg>\n\t<\/div>\n\n\t\t<div class=\"section-content relative\">\n\t\t\t\n\n\t<div id=\"gap-1279665845\" class=\"gap-element clearfix\" style=\"display:block; height:auto;\">\n\t\t\n<style>\n#gap-1279665845 {\n  padding-top: 30px;\n}\n<\/style>\n\t<\/div>\n\t\n\n<span class=\"scroll-to\" data-label=\"Scroll to: #inicio\" data-bullet=\"true\" data-link=\"#inicio\" data-title=\"In\u00edcio\"><a name=\"inicio\"><\/a><\/span>\n\n\t<div id=\"gap-1140183162\" class=\"gap-element clearfix\" style=\"display:block; height:auto;\">\n\t\t\n<style>\n#gap-1140183162 {\n  padding-top: 80px;\n}\n<\/style>\n\t<\/div>\n\t\n\n<div class=\"row row-large row-full-width align-middle align-center\"  id=\"row-871763043\">\n\n\n\t<div id=\"col-1724359525\" class=\"col medium-10 small-12 large-10\"  >\n\t\t\t\t<div class=\"col-inner text-center\"  >\n\t\t\t\n\t\t\t\n\n\t<div id=\"text-207273431\" class=\"text\">\n\t\t\n\n<h1 class=\"text-4xl md:text-5xl lg:text-6xl font-extrabold text-white tracking-tight mb-6\">Conhe\u00e7a a <span style=\"color: #00aae7;\">Lovari One Digital.<\/span> <br \/>A inovadora plataforma 5 em 1 que vai escalar seu neg\u00f3cio.<\/h1>\n\t\t\n<style>\n#text-207273431 {\n  font-size: 1.45rem;\n}\n@media (min-width:550px) {\n  #text-207273431 {\n    font-size: 1.85rem;\n  }\n}\n@media (min-width:850px) {\n  #text-207273431 {\n    font-size: 2.1rem;\n  }\n}\n<\/style>\n\t<\/div>\n\t\n\t<div id=\"text-2925579089\" class=\"text\">\n\t\t\n\n<p>Site, loja virtual, chatbot inteligente, CRM com automa\u00e7\u00e3o de campanhas por WhatsApp\/e-mail e funil de vendas com automa\u00e7\u00e3o de follow-up. Tudo em uma \u00fanica plataforma online.<\/p>\n\t\t\n<style>\n#text-2925579089 {\n  font-size: 1rem;\n  color: rgb(179, 203, 205);\n}\n#text-2925579089 > * {\n  color: rgb(179, 203, 205);\n}\n@media (min-width:550px) {\n  #text-2925579089 {\n    font-size: 1.25rem;\n  }\n}\n@media (min-width:850px) {\n  #text-2925579089 {\n    font-size: 1.45rem;\n  }\n}\n<\/style>\n\t<\/div>\n\t\n<a href=\"https:\/\/wa.me\/5547933852573\/?text=Quero%20agendar%20uma%20demonstra\u00e7\u00e3o%20da%20One%20Digital\" target=\"_blank\" class=\"button primary lowercase\" rel=\"noopener\" >\n\t\t<span>Agendar demonstra\u00e7\u00e3o<\/span>\n\t<\/a>\n\n\n<a href=\"#planos\" class=\"button white lowercase\" >\n\t\t<span>Ver planos<\/span>\n\t<\/a>\n\n\n\n\t\t<\/div>\n\t\t\t\t\t<\/div>\n\n\t\n\n<\/div>\n\t<div id=\"gap-1219881583\" class=\"gap-element clearfix\" style=\"display:block; height:auto;\">\n\t\t\n<style>\n#gap-1219881583 {\n  padding-top: 80px;\n}\n<\/style>\n\t<\/div>\n\t\n\n\n\t\t<\/div>\n\n\t\t\n<style>\n#section_144280754 {\n  padding-top: 0px;\n  padding-bottom: 0px;\n  margin-bottom: 0px;\n  min-height: 700px;\n  background-color: rgb(255, 255, 255);\n}\n#section_144280754 .section-bg-overlay {\n  background-color: rgba(0, 0, 0, 0.767);\n}\n#section_144280754 .section-bg img {\n  object-position: 0% 100%;\n}\n#section_144280754 .ux-shape-divider--bottom svg {\n  height: 150px;\n  --divider-width: 100%;\n}\n#section_144280754 .ux-shape-divider--bottom .ux-shape-fill {\n  fill: rgb(95, 38, 107);\n}\n<\/style>\n\t<\/section>\n\t\n<span class=\"scroll-to\" data-label=\"Scroll to: #planos\" data-bullet=\"true\" data-link=\"#planos\" data-title=\"Planos\"><a name=\"planos\"><\/a><\/span>\n\n\n\t<section class=\"section dark\" id=\"section_353920317\">\n\t\t<div class=\"section-bg fill\" >\n\t\t\t\t\t\t\t\t\t\n\t\t\t\n\n\t\t<\/div>\n\n\t\t\n\n\t\t<div class=\"section-content relative\">\n\t\t\t\n\n\t<div id=\"gap-1816422153\" class=\"gap-element clearfix\" style=\"display:block; height:auto;\">\n\t\t\n<style>\n#gap-1816422153 {\n  padding-top: 30px;\n}\n<\/style>\n\t<\/div>\n\t\n\n<div class=\"row align-center\"  id=\"row-985275553\">\n\n\n\t<div id=\"col-1036851897\" class=\"col medium-10 small-12 large-6\"  >\n\t\t\t\t<div class=\"col-inner\"  >\n\t\t\t\n\t\t\t\n\n\t<div id=\"text-1171128450\" class=\"text\">\n\t\t\n\n<h2>Escolha um plano de acordo com o tamanho e a necessidade do seu neg\u00f3cio?<\/h2>\n\t\t\n<style>\n#text-1171128450 {\n  font-size: 1.5rem;\n  color: rgb(161, 205, 255);\n}\n#text-1171128450 > * {\n  color: rgb(161, 205, 255);\n}\n<\/style>\n\t<\/div>\n\t\n\n\t\t<\/div>\n\t\t\t\t\t<\/div>\n\n\t\n\n\t<div id=\"col-7743461\" class=\"col medium-10 small-12 large-6\"  >\n\t\t\t\t<div class=\"col-inner\"  >\n\t\t\t\n\t\t\t\n\n\t<div id=\"gap-639221635\" class=\"gap-element clearfix\" style=\"display:block; height:auto;\">\n\t\t\n<style>\n#gap-639221635 {\n  padding-top: 5px;\n}\n<\/style>\n\t<\/div>\n\t\n\n<p>A Lovari Tech tem a solu\u00e7\u00e3o de melhor custo\/benef\u00edcio para empresas que querem escalar sem comprometer seu or\u00e7amento. Somos especializados no uso de IAs corporativas e desenvolvemos solu\u00e7\u00f5es com entregas mais r\u00e1pidas que a m\u00e9dia de mercado.<\/p>\n\n\t\t<\/div>\n\t\t\t\t\t<\/div>\n\n\t\n\n<\/div>\n\t<div id=\"gap-146950456\" class=\"gap-element clearfix\" style=\"display:block; height:auto;\">\n\t\t\n<style>\n#gap-146950456 {\n  padding-top: 110px;\n}\n@media (min-width:550px) {\n  #gap-146950456 {\n    padding-top: 120px;\n  }\n}\n@media (min-width:850px) {\n  #gap-146950456 {\n    padding-top: 100px;\n  }\n}\n<\/style>\n\t<\/div>\n\t\n\n\n\t\t<\/div>\n\n\t\t\n<style>\n#section_353920317 {\n  padding-top: 60px;\n  padding-bottom: 60px;\n  background-color: rgb(95, 38, 107);\n}\n@media (min-width:850px) {\n  #section_353920317 {\n    padding-top: 60px;\n    padding-bottom: 60px;\n  }\n}\n<\/style>\n\t<\/section>\n\t\n\n\t<section class=\"section\" id=\"section_610740505\">\n\t\t<div class=\"section-bg fill\" >\n\t\t\t\t\t\t\t\t\t<div class=\"section-bg-overlay absolute fill\"><\/div>\n\t\t\t\n\n\t\t<\/div>\n\n\t\t\n\n\t\t<div class=\"section-content relative\">\n\t\t\t\n\n<div class=\"row\"  id=\"row-295442523\">\n\n\n\t<div id=\"col-505334772\" class=\"col small-12 large-12\"  >\n\t\t\t\t<div class=\"col-inner\"  >\n\t\t\t\n\t\t\t\n\n<div class=\"row align-equal align-center\"  id=\"row-1831549617\">\n\n\n\t<div id=\"col-79969628\" class=\"col medium-8 small-12 large-4\"  >\n\t\t\t\t<div class=\"col-inner dark\" style=\"background-color:#5c61e5;\" >\n\t\t\t\n\t\t\t\n\n\n\t\t<div class=\"icon-box featured-box icon-box-center text-center\"  >\n\t\t\t\t\t<div class=\"icon-box-img\" style=\"width: 100px\">\n\t\t\t\t<div class=\"icon\">\n\t\t\t\t\t<div class=\"icon-inner\" style=\"color:rgb(54, 4, 76);\">\n\t\t\t\t\t\t<?xml version=\"1.0\" encoding=\"utf-8\"?>\r\n<!-- Uploaded to: SVG Repo, www.svgrepo.com, Generator: SVG Repo Mixer Tools -->\r\n<svg width=\"800px\" height=\"800px\" viewBox=\"0 0 1024 1024\" class=\"icon\"  version=\"1.1\" xmlns=\"http:\/\/www.w3.org\/2000\/svg\"><path d=\"M512 301.2m-10 0a10 10 0 1 0 20 0 10 10 0 1 0-20 0Z\" fill=\"#E73B37\" \/><path d=\"M400.3 744.5c2.1-0.7 4.1-1.4 6.2-2-2 0.6-4.1 1.3-6.2 2z m0 0c2.1-0.7 4.1-1.4 6.2-2-2 0.6-4.1 1.3-6.2 2z\" fill=\"#39393A\" \/><path d=\"M511.8 256.6c24.4 0 44.2 19.8 44.2 44.2S536.2 345 511.8 345s-44.2-19.8-44.2-44.2 19.9-44.2 44.2-44.2m0-20c-35.5 0-64.2 28.7-64.2 64.2s28.7 64.2 64.2 64.2 64.2-28.7 64.2-64.2-28.7-64.2-64.2-64.2z\" fill=\"#E73B37\" \/><path d=\"M730.7 529.5c0.4-8.7 0.6-17.4 0.6-26.2 0-179.6-86.1-339.1-219.3-439.5-133.1 100.4-219.2 259.9-219.2 439.5 0 8.8 0.2 17.5 0.6 26.1-56 56-90.6 133.3-90.6 218.7 0 61.7 18 119.1 49.1 167.3 30.3-49.8 74.7-90.1 127.7-115.3 39-18.6 82.7-29 128.8-29 48.3 0 93.9 11.4 134.3 31.7 52.5 26.3 96.3 67.7 125.6 118.4 33.4-49.4 52.9-108.9 52.9-173.1 0-85.4-34.6-162.6-90.5-218.6zM351.1 383.4c9.2-37.9 22.9-74.7 40.6-109.5a502.1 502.1 0 0 1 63.6-95.9c17.4-20.6 36.4-39.9 56.8-57.5 20.4 17.6 39.4 36.9 56.8 57.5 24.8 29.5 46.2 61.8 63.6 95.9 17.7 34.8 31.4 71.6 40.6 109.5 8.7 35.8 13.5 72.7 14.2 109.9C637.4 459 577 438.9 512 438.9c-65 0-125.3 20.1-175.1 54.4 0.7-37.2 5.5-74.1 14.2-109.9z m-90.6 449.2c-9.1-27-13.7-55.5-13.7-84.4 0-35.8 7-70.6 20.8-103.2 8.4-19.8 19-38.4 31.9-55.5 9.7 61.5 29.5 119.7 57.8 172.6-36.4 17.8-69 41.6-96.8 70.5z m364.2-85.3c-0.7-0.3-1.5-0.5-2.2-0.8-0.4-0.2-0.9-0.3-1.3-0.5-0.6-0.2-1.3-0.5-1.9-0.7-0.8-0.3-1.5-0.5-2.3-0.8-0.8-0.3-1.5-0.5-2.3-0.7l-0.9-0.3c-1-0.3-2.1-0.7-3.1-1-1.2-0.4-2.4-0.7-3.5-1.1l-3-0.9c-0.2-0.1-0.4-0.1-0.7-0.2-1.1-0.3-2.3-0.7-3.4-1-1.2-0.3-2.4-0.6-3.5-0.9l-3.6-0.9-3.6-0.9c-1-0.3-2.1-0.5-3.1-0.7-1.2-0.3-2.4-0.5-3.6-0.8-1.3-0.3-2.5-0.6-3.8-0.8h-0.3c-0.9-0.2-1.9-0.4-2.8-0.6-0.4-0.1-0.7-0.1-1.1-0.2-1.1-0.2-2.2-0.4-3.4-0.6-1.2-0.2-2.4-0.4-3.6-0.7l-5.4-0.9c-0.9-0.1-1.9-0.3-2.8-0.4-0.8-0.1-1.6-0.3-2.5-0.4-2.6-0.4-5.1-0.7-7.7-1-1.2-0.1-2.3-0.3-3.5-0.4h-0.4c-0.9-0.1-1.8-0.2-2.8-0.3-1.1-0.1-2.1-0.2-3.2-0.3-1.7-0.2-3.4-0.3-5.1-0.4-0.8-0.1-1.5-0.1-2.3-0.2-0.9-0.1-1.9-0.1-2.8-0.2-0.4 0-0.8 0-1.2-0.1-1.1-0.1-2.1-0.1-3.2-0.2-0.5 0-1-0.1-1.5-0.1-1.3-0.1-2.6-0.1-3.9-0.1-0.8 0-1.5-0.1-2.3-0.1-1.2 0-2.4 0-3.5-0.1h-13.9c-2.3 0-4.6 0.1-6.9 0.2-0.9 0-1.9 0.1-2.8 0.1-0.8 0-1.5 0.1-2.3 0.1-1.4 0.1-2.8 0.2-4.1 0.3-1.4 0.1-2.7 0.2-4.1 0.3-1.4 0.1-2.7 0.2-4.1 0.4-0.6 0-1.2 0.1-1.8 0.2l-7.8 0.9c-1.1 0.1-2.1 0.3-3.2 0.4-1 0.1-2.1 0.3-3.1 0.4-3.2 0.5-6.4 0.9-9.5 1.5-0.7 0.1-1.4 0.2-2.1 0.4-0.9 0.1-1.7 0.3-2.6 0.5-1.1 0.2-2.3 0.4-3.4 0.6-0.9 0.2-1.7 0.3-2.6 0.5-0.4 0.1-0.8 0.1-1.1 0.2-0.7 0.1-1.4 0.3-2.1 0.4-1.2 0.3-2.4 0.5-3.6 0.8-1.2 0.3-2.4 0.5-3.6 0.8-0.2 0-0.4 0.1-0.6 0.1-0.5 0.1-1 0.2-1.5 0.4-1.1 0.3-2.3 0.6-3.5 0.9-1.3 0.3-2.5 0.6-3.8 1-0.4 0.1-0.9 0.2-1.4 0.4-1.3 0.4-2.7 0.7-4 1.1-1.5 0.4-3 0.9-4.6 1.3-1 0.3-2.1 0.6-3.1 1-2.1 0.6-4.1 1.3-6.2 2-0.7 0.2-1.4 0.5-2.1 0.7-15-27.5-27.4-56.4-37-86.2-11.7-36.1-19.2-73.6-22.5-111.6-0.6-6.7-1-13.3-1.3-20-0.1-1.2-0.1-2.4-0.1-3.6-0.1-1.2-0.1-2.4-0.1-3.6 0-1.2-0.1-2.4-0.1-3.6 0-1.2-0.1-2.4-0.1-3.7 18.8-14 39.2-25.8 61-35 36.1-15.3 74.5-23 114.1-23 39.6 0 78 7.8 114.1 23 21.8 9.2 42.2 20.9 61 35v0.1c0 1 0 1.9-0.1 2.9 0 1.4-0.1 2.8-0.1 4.3 0 0.7 0 1.3-0.1 2-0.1 1.8-0.1 3.5-0.2 5.3-0.3 6.7-0.8 13.3-1.3 20-3.3 38.5-11 76.5-23 113-9.7 30.3-22.3 59.4-37.6 87.1z m136.8 90.9a342.27 342.27 0 0 0-96.3-73.2c29.1-53.7 49.5-112.8 59.4-175.5 12.8 17.1 23.4 35.6 31.8 55.5 13.8 32.7 20.8 67.4 20.8 103.2 0 31-5.3 61.3-15.7 90z\" fill=\"#39393A\" \/><path d=\"M512 819.3c8.7 0 24.7 22.9 24.7 60.4s-16 60.4-24.7 60.4-24.7-22.9-24.7-60.4 16-60.4 24.7-60.4m0-20c-24.7 0-44.7 36-44.7 80.4 0 44.4 20 80.4 44.7 80.4s44.7-36 44.7-80.4c0-44.4-20-80.4-44.7-80.4z\" fill=\"#E73B37\" \/><\/svg>\t\t\t\t\t<\/div>\n\t\t\t\t<\/div>\n\t\t\t<\/div>\n\t\t\t\t<div class=\"icon-box-text last-reset\">\n\t\t\t\t\t\t\t\t\t\n\n<h2>Start<\/h2>\n<p><strong>Presen\u00e7a + capta\u00e7\u00e3o<\/strong><br \/>Site institucional com CRM b\u00e1sico integrado, formul\u00e1rios + automa\u00e7\u00e3o de entradas e Chatbot inteligente.<\/p>\n\t<div id=\"gap-1157288699\" class=\"gap-element clearfix\" style=\"display:block; height:auto;\">\n\t\t\n<style>\n#gap-1157288699 {\n  padding-top: 25px;\n}\n<\/style>\n\t<\/div>\n\t\n\n<a href=\"https:\/\/wa.me\/5547933852573\/?text=Quero%20conhecer%20o%20plano%20Start\" target=\"_blank\" class=\"button white expand\" rel=\"noopener\" style=\"border-radius:99px;padding:7px 30px 7px 30px;\">\n\t<i class=\"icon-whatsapp\" aria-hidden=\"true\"><\/i>\t<span>Quero conhecer<\/span>\n\t<\/a>\n\n\n\n\t\t<\/div>\n\t<\/div>\n\t\n\t\n\n\t\t<\/div>\n\t\t\t\t\t<\/div>\n\n\t\n\n\t<div id=\"col-80775359\" class=\"col medium-8 small-12 large-4\"  >\n\t\t\t\t<div class=\"col-inner dark\" style=\"background-color:#5c61e5;\" >\n\t\t\t\n\t\t\t\n\n\n\t\t<div class=\"icon-box featured-box icon-box-center text-center\"  >\n\t\t\t\t\t<div class=\"icon-box-img\" style=\"width: 100px\">\n\t\t\t\t<div class=\"icon\">\n\t\t\t\t\t<div class=\"icon-inner\" style=\"color:rgb(54, 4, 76);\">\n\t\t\t\t\t\t<?xml version=\"1.0\" encoding=\"utf-8\"?>\r\n<!-- Uploaded to: SVG Repo, www.svgrepo.com, Generator: SVG Repo Mixer Tools -->\r\n<svg width=\"800px\" height=\"800px\" viewBox=\"0 0 1024 1024\" class=\"icon\"  version=\"1.1\" xmlns=\"http:\/\/www.w3.org\/2000\/svg\"><path d=\"M960.1 258.4H245.8l-36.1-169H63.9v44h110.2l26.7 125 100.3 469.9 530 0.4v-44l-494.4-0.3-22.6-105.9H832l128.1-320.1z m-65 44L855.6 401H276.3l-21.1-98.6h639.9zM304.8 534.5L279.7 417h569.5l-47 117.5H304.8z\" fill=\"#39393A\" \/><path d=\"M375.6 810.6c28.7 0 52 23.3 52 52s-23.3 52-52 52-52-23.3-52-52 23.3-52 52-52m0-20c-39.7 0-72 32.2-72 72s32.2 72 72 72 72-32.2 72-72-32.3-72-72-72zM732 810.6c28.7 0 52 23.3 52 52s-23.3 52-52 52-52-23.3-52-52 23.3-52 52-52m0-20c-39.7 0-72 32.2-72 72s32.2 72 72 72c39.7 0 72-32.2 72-72s-32.3-72-72-72zM447.5 302.4h16v232.1h-16zM652 302.4h16v232.1h-16z\" fill=\"#E73B37\" \/><path d=\"M276.3 401l3.4 16-3.4-16z\" fill=\"#343535\" \/><\/svg>\t\t\t\t\t<\/div>\n\t\t\t\t<\/div>\n\t\t\t<\/div>\n\t\t\t\t<div class=\"icon-box-text last-reset\">\n\t\t\t\t\t\t\t\t\t\n\n<h2>Growth<\/h2>\n<p><strong>Convers\u00e3o + campanhas<\/strong><br \/>Tudo do <strong>Start <\/strong>+ loja virtual, automa\u00e7\u00e3o de campanhas por whatsapp e Email e chatbot treinado para convers\u00e3o.<\/p>\n\t<div id=\"gap-2131891263\" class=\"gap-element clearfix\" style=\"display:block; height:auto;\">\n\t\t\n<style>\n#gap-2131891263 {\n  padding-top: 25px;\n}\n<\/style>\n\t<\/div>\n\t\n\n<a href=\"https:\/\/wa.me\/5547933852573\/?text=Quero%20conhecer%20o%20plano%20Growth\" target=\"_blank\" class=\"button white expand\" rel=\"noopener\" style=\"border-radius:99px;padding:7px 30px 7px 30px;\">\n\t<i class=\"icon-whatsapp\" aria-hidden=\"true\"><\/i>\t<span>Quero conhecer<\/span>\n\t<\/a>\n\n\n\n\t\t<\/div>\n\t<\/div>\n\t\n\t\n\n\t\t<\/div>\n\t\t\t\t\t<\/div>\n\n\t\n\n\t<div id=\"col-2113072090\" class=\"col medium-8 small-12 large-4\"  >\n\t\t\t\t<div class=\"col-inner dark\" style=\"background-color:#5c61e5;\" >\n\t\t\t\n\t\t\t\n\n\n\t\t<div class=\"icon-box featured-box icon-box-center text-center\"  >\n\t\t\t\t\t<div class=\"icon-box-img\" style=\"width: 100px\">\n\t\t\t\t<div class=\"icon\">\n\t\t\t\t\t<div class=\"icon-inner\" style=\"color:rgb(54, 4, 76);\">\n\t\t\t\t\t\t<?xml version=\"1.0\" encoding=\"utf-8\"?>\r\n<!-- Uploaded to: SVG Repo, www.svgrepo.com, Generator: SVG Repo Mixer Tools -->\r\n<svg width=\"800px\" height=\"800px\" viewBox=\"0 0 1024 1024\" class=\"icon\"  version=\"1.1\" xmlns=\"http:\/\/www.w3.org\/2000\/svg\"><path d=\"M928.1 881v44H95.9V99h44v782z\" fill=\"#39393A\" \/><path d=\"M352 435.7v403.4H204V435.7h148m22-22H182v447.4h192V413.7zM608 307.9v531.2H460V307.9h148m22-22H438v575.2h192V285.9z\" fill=\"#39393A\" \/><path d=\"M866.1 177.3v663.9H714V177.3h152.1m20-20H694v703.9h192V157.3h0.1z\" fill=\"#E73B37\" \/><\/svg>\t\t\t\t\t<\/div>\n\t\t\t\t<\/div>\n\t\t\t<\/div>\n\t\t\t\t<div class=\"icon-box-text last-reset\">\n\t\t\t\t\t\t\t\t\t\n\n<h2>Scale<\/h2>\n<p><strong>Opera\u00e7\u00e3o + suporte + IA<\/strong><br \/>Tudo do <strong>Growth <\/strong>+ integra\u00e7\u00e3o do atendimento, processos e automa\u00e7\u00f5es avan\u00e7adas com implementa\u00e7\u00e3o de IA corporativa.<\/p>\n\t<div id=\"gap-431018895\" class=\"gap-element clearfix\" style=\"display:block; height:auto;\">\n\t\t\n<style>\n#gap-431018895 {\n  padding-top: 25px;\n}\n<\/style>\n\t<\/div>\n\t\n\n<a href=\"https:\/\/wa.me\/5547933852573\/?text=Quero%20conhecer%20o%20plano%20Scale\" target=\"_blank\" class=\"button white expand\" rel=\"noopener\" style=\"border-radius:99px;padding:7px 30px 7px 30px;\">\n\t<i class=\"icon-whatsapp\" aria-hidden=\"true\"><\/i>\t<span>Quero conhecer<\/span>\n\t<\/a>\n\n\n\n\t\t<\/div>\n\t<\/div>\n\t\n\t\n\n\t\t<\/div>\n\t\t\t\t\t<\/div>\n\n\t\n\n\n<style>\n#row-1831549617 > .col > .col-inner {\n  padding: 40px 40px 50px 40px;\n  background-color: rgb(255,255,255);\n  border-radius: 15px;\n}\n@media (min-width:550px) {\n  #row-1831549617 > .col > .col-inner {\n    padding: 20px 20px 40px 20px;\n  }\n}\n@media (min-width:850px) {\n  #row-1831549617 > .col > .col-inner {\n    padding: 40px 40px 40px 40px;\n  }\n}\n<\/style>\n<\/div>\n\n\t\t<\/div>\n\t\t\t\t\n<style>\n#col-505334772 > .col-inner {\n  margin: -190px 0px 0px 0px;\n}\n<\/style>\n\t<\/div>\n\n\t\n\n<\/div>\n\n\t\t<\/div>\n\n\t\t\n<style>\n#section_610740505 {\n  padding-top: 40px;\n  padding-bottom: 40px;\n  background-color: rgb(0,0,0);\n}\n#section_610740505 .section-bg-overlay {\n  background-color: rgb(51, 10, 58);\n}\n@media (min-width:850px) {\n  #section_610740505 {\n    padding-top: 60px;\n    padding-bottom: 60px;\n  }\n}\n<\/style>\n\t<\/section>\n\t\n<span class=\"scroll-to\" data-label=\"Scroll to: #consultoria\" data-bullet=\"true\" data-link=\"#consultoria\" data-title=\"Consultoria\"><a name=\"consultoria\"><\/a><\/span>\n\n\n\t<section class=\"section dark\" id=\"section_1716926258\">\n\t\t<div class=\"section-bg fill\" >\n\t\t\t\t\t\t\t\t\t\n\t\t\t\n\n\t\t<\/div>\n\n\t\t\t<div class=\"ux-shape-divider ux-shape-divider--top ux-shape-divider--style-curve-opacity ux-shape-divider--flip\">\n\t\t<svg viewBox=\"0 0 1000 100\" xmlns=\"http:\/\/www.w3.org\/2000\/svg\" preserveAspectRatio=\"none\">\n\t\t<path class=\"ux-shape-fill\" opacity=\"0.15\" d=\"M0 14C0 14 88.64 17.48 300 50C560 90 814 77 1003 40L1015 68L1018 104H0V14Z\"\/>\n\t\t<path class=\"ux-shape-fill\" opacity=\"0.3\" d=\"M0 45C0 45 271 90.13 500 77C657 68 830 30 1015 14V100H0V45Z\"\/>\n\t\t<path class=\"ux-shape-fill\" d=\"M0 58C0 58 188.29 90 508 90C798 90 1002 55 1002 55V100H0V58Z\"\/>\n<\/svg>\n\t<\/div>\n\n\n\t\t<div class=\"section-content relative\">\n\t\t\t\n\n\t<div id=\"gap-653798963\" class=\"gap-element clearfix\" style=\"display:block; height:auto;\">\n\t\t\n<style>\n#gap-653798963 {\n  padding-top: 30px;\n}\n<\/style>\n\t<\/div>\n\t\n\n<div class=\"row align-middle align-center\"  id=\"row-1690847004\">\n\n\n\t<div id=\"col-233606130\" class=\"col medium-10 small-12 large-6\"  >\n\t\t\t\t<div class=\"col-inner\"  >\n\t\t\t\n\t\t\t\n\n\t<div id=\"gap-881104132\" class=\"gap-element clearfix hide-for-small\" style=\"display:block; height:auto;\">\n\t\t\n<style>\n#gap-881104132 {\n  padding-top: 10px;\n}\n@media (min-width:850px) {\n  #gap-881104132 {\n    padding-top: 30px;\n  }\n}\n<\/style>\n\t<\/div>\n\t\n\n\t<div id=\"text-1554113028\" class=\"text\">\n\t\t\n\n<h1>Deseja uma consultoria especializada?<\/h1>\n\t\t\n<style>\n#text-1554113028 {\n  font-size: 1.75rem;\n  line-height: 1.5;\n}\n@media (min-width:550px) {\n  #text-1554113028 {\n    font-size: 2rem;\n  }\n}\n<\/style>\n\t<\/div>\n\t\n\t<div id=\"text-1088911228\" class=\"text\">\n\t\t\n\n<p class=\"lead\">Contate-nos para saber qual a melhor solu\u00e7\u00e3o para o seu neg\u00f3cio, com os uso de automa\u00e7\u00f5es e IAs corporativas que podem viabilizar seu projetos e acelerar seus resultados.<\/p>\n\t\t\n<style>\n#text-1088911228 {\n  font-size: 1rem;\n}\n<\/style>\n\t<\/div>\n\t\n\t<div id=\"gap-401858046\" class=\"gap-element clearfix\" style=\"display:block; height:auto;\">\n\t\t\n<style>\n#gap-401858046 {\n  padding-top: 10px;\n}\n<\/style>\n\t<\/div>\n\t\n\n<a href=\"https:\/\/wa.me\/5547933852573\/?text=Quero%20agendar%20reuni\u00e3o%20com%20especialista\" target=\"_blank\" class=\"button primary is-shade is-large\" rel=\"noopener\" style=\"border-radius:10px;\">\n\t\t<span>Agendar reuni\u00e3o com especialista<\/span>\n\t<\/a>\n\n\n\n\t\t<\/div>\n\t\t\t\t\t<\/div>\n\n\t\n\n\t<div id=\"col-955622275\" class=\"col medium-12 small-12 large-6 medium-col-first\"  >\n\t\t\t\t<div class=\"col-inner\"  >\n\t\t\t\n\t\t\t\n\n\t<div class=\"img has-hover circle x md-x lg-x y md-y lg-y\" id=\"image_1410163315\">\n\t\t\t\t\t\t\t\t<div class=\"img-inner image-cover dark\" style=\"padding-top:100%;\">\n\t\t\t<img loading=\"lazy\" decoding=\"async\" width=\"1020\" height=\"680\" src=\"https:\/\/lovenutri.com.br\/wp-content\/uploads\/2026\/03\/analyzing-statistics-1024x683.jpg\" class=\"attachment-large size-large\" alt=\"\" srcset=\"https:\/\/lovenutri.com.br\/wp-content\/uploads\/2026\/03\/analyzing-statistics-1024x683.jpg 1024w, https:\/\/lovenutri.com.br\/wp-content\/uploads\/2026\/03\/analyzing-statistics-300x200.jpg 300w, https:\/\/lovenutri.com.br\/wp-content\/uploads\/2026\/03\/analyzing-statistics-768x512.jpg 768w, https:\/\/lovenutri.com.br\/wp-content\/uploads\/2026\/03\/analyzing-statistics-1536x1024.jpg 1536w, https:\/\/lovenutri.com.br\/wp-content\/uploads\/2026\/03\/analyzing-statistics-2048x1365.jpg 2048w, https:\/\/lovenutri.com.br\/wp-content\/uploads\/2026\/03\/analyzing-statistics-510x340.jpg 510w\" sizes=\"auto, (max-width: 1020px) 100vw, 1020px\" \/>\t\t\t\t\t\t\n\t\t\t\t\t<\/div>\n\t\t\t\t\t\t\t\t\n<style>\n#image_1410163315 {\n  width: 100%;\n}\n@media (min-width:850px) {\n  #image_1410163315 {\n    width: 100%;\n  }\n}\n<\/style>\n\t<\/div>\n\t\n\n\n\t\t<\/div>\n\t\t\t\t\t<\/div>\n\n\t\n\n<\/div>\n\n\t\t<\/div>\n\n\t\t\n<style>\n#section_1716926258 {\n  padding-top: 20px;\n  padding-bottom: 20px;\n  background-color: rgb(15, 32, 48);\n}\n#section_1716926258 .ux-shape-divider--top svg {\n  height: 120px;\n  --divider-top-width: 100%;\n}\n#section_1716926258 .ux-shape-divider--top .ux-shape-fill {\n  fill: rgb(51, 10, 58);\n}\n@media (min-width:550px) {\n  #section_1716926258 {\n    padding-top: 50px;\n    padding-bottom: 50px;\n  }\n}\n@media (min-width:850px) {\n  #section_1716926258 {\n    padding-top: 70px;\n    padding-bottom: 70px;\n  }\n}\n<\/style>\n\t<\/section>\n\t\n\n\t<section class=\"section dark\" id=\"section_102749916\">\n\t\t<div class=\"section-bg fill\" >\n\t\t\t\t\t\t\t\t\t\n\t\t\t\n\n\t\t<\/div>\n\n\t\t\n\n\t\t<div class=\"section-content relative\">\n\t\t\t\n\n<div class=\"row\"  id=\"row-2089247865\">\n\n\n\t<div id=\"col-660768784\" class=\"col small-12 large-12\"  >\n\t\t\t\t<div class=\"col-inner dark\"  >\n\t\t\t\n\t\t\t\n\n\t<div id=\"text-2455561670\" class=\"text\">\n\t\t\n\n<p>Copyright 2026 \u00a9 Uma divis\u00e3o de neg\u00f3cio da empresa Love Nutri &#8211; Solu\u00e7\u00f5es digitais.\u00a0<br \/>CNPJ: 65.166.309\/0001-00 | Contato e suporte: contato@lovenutri.com.br<br \/>(47)98848-2869 Luiz Maso\u00a0 |\u00a0 (47)93385-2573 Maicon Prange<\/p>\n\t\t\n<style>\n#text-2455561670 {\n  font-size: 0.85rem;\n  color: rgb(128, 130, 180);\n}\n#text-2455561670 > * {\n  color: rgb(128, 130, 180);\n}\n<\/style>\n\t<\/div>\n\t\n\n\t\t<\/div>\n\t\t\t\t\n<style>\n#col-660768784 > .col-inner {\n  padding: 20px 0px 0px 0px;\n  margin: 0px 0px 0px 0px;\n}\n<\/style>\n\t<\/div>\n\n\t\n\n<\/div>\n\n\t\t<\/div>\n\n\t\t\n<style>\n#section_102749916 {\n  padding-top: 30px;\n  padding-bottom: 30px;\n  background-color: rgb(0, 0, 0);\n}\n<\/style>\n\t<\/section>\n\t\n\n","protected":false},"excerpt":{"rendered":"","protected":false},"author":1,"featured_media":0,"parent":0,"menu_order":0,"comment_status":"closed","ping_status":"closed","template":"page-blank-landingpage.php","meta":{"footnotes":""},"class_list":["post-2305","page","type-page","status-publish","hentry"],"_links":{"self":[{"href":"https:\/\/lovenutri.com.br\/index.php?rest_route=\/wp\/v2\/pages\/2305","targetHints":{"allow":["GET"]}}],"collection":[{"href":"https:\/\/lovenutri.com.br\/index.php?rest_route=\/wp\/v2\/pages"}],"about":[{"href":"https:\/\/lovenutri.com.br\/index.php?rest_route=\/wp\/v2\/types\/page"}],"author":[{"embeddable":true,"href":"https:\/\/lovenutri.com.br\/index.php?rest_route=\/wp\/v2\/users\/1"}],"replies":[{"embeddable":true,"href":"https:\/\/lovenutri.com.br\/index.php?rest_route=%2Fwp%2Fv2%2Fcomments&post=2305"}],"version-history":[{"count":22,"href":"https:\/\/lovenutri.com.br\/index.php?rest_route=\/wp\/v2\/pages\/2305\/revisions"}],"predecessor-version":[{"id":2347,"href":"https:\/\/lovenutri.com.br\/index.php?rest_route=\/wp\/v2\/pages\/2305\/revisions\/2347"}],"wp:attachment":[{"href":"https:\/\/lovenutri.com.br\/index.php?rest_route=%2Fwp%2Fv2%2Fmedia&parent=2305"}],"curies":[{"name":"wp","href":"https:\/\/api.w.org\/{rel}","templated":true}]}}